{"id":931,"date":"2021-03-14T09:27:08","date_gmt":"2021-03-14T08:27:08","guid":{"rendered":"https:\/\/www.heimatmuseum-erbenheim.de\/?page_id=931"},"modified":"2022-05-19T15:10:24","modified_gmt":"2022-05-19T13:10:24","slug":"rundgang-durch-erbenheims-geschichte","status":"publish","type":"page","link":"https:\/\/www.heimatmuseum-erbenheim.de\/?page_id=931","title":{"rendered":"Rundgang durch Erbenheims Geschichte"},"content":{"rendered":"\n<p>Erbenheim steht auf geschichtstr\u00e4chtigem Boden. Arch\u00e4ologische Ausgrabungen haben gezeigt, wie dicht besiedelt das Gebiet rund um den W\u00e4schbach schon in fr\u00fcher Zeit, d.h. auch 5000 Jahre v. Chr., gewesen ist.<\/p>\n\n\n\n<p>Nicht ganz so alt, sind die Zeugnisse der Zeit, <img decoding=\"async\" class=\"wp-image-948\" style=\"width: 200px;\" src=\"https:\/\/www.heimatmuseum-erbenheim.de\/wp-content\/uploads\/2021\/03\/Flyer.jpg\" alt=\"\" align=\"right\">an denen der von uns vorgeschlagene Rundweg entlangf\u00fchrt.  Wir w\u00fcnschen Ihnen eine angenehme Stunde beim Rundgang durch Erbenheims Geschichte.<\/p>\n\n\n\n<p><a href=\"https:\/\/www.heimatmuseum-erbenheim.de\/wp-content\/uploads\/2022\/05\/Fly-Rgang-Erbenheim-2022-05-17-2Seiten.pdf\">Hier k\u00f6nnen Sie den Flyer mit der Wegbeschreibung herunterladen<\/a><a rel=\"noreferrer noopener\" href=\"https:\/\/www.heimatmuseum-erbenheim.de\/wp-content\/uploads\/2021\/03\/Fly-Rgang-Erbenheim-2021-03-15-2Seiten.pdf\" data-type=\"URL\" data-id=\"https:\/\/www.heimatmuseum-erbenheim.de\/wp-content\/uploads\/2021\/03\/Fly-Rgang-Erbenheim-2021-03-15-2Seiten.pdf\" target=\"_blank\">.<\/a><\/p>\n\n\n\n<div class=\"wp-block-image\"><figure class=\"aligncenter size-full\"><img loading=\"lazy\" decoding=\"async\" width=\"300\" height=\"300\" src=\"https:\/\/www.heimatmuseum-erbenheim.de\/wp-content\/uploads\/2022\/05\/HME-QR-Code-Rundgang-2022-05.png\" alt=\"\" class=\"wp-image-1995\" srcset=\"https:\/\/www.heimatmuseum-erbenheim.de\/wp-content\/uploads\/2022\/05\/HME-QR-Code-Rundgang-2022-05.png 300w, https:\/\/www.heimatmuseum-erbenheim.de\/wp-content\/uploads\/2022\/05\/HME-QR-Code-Rundgang-2022-05-150x150.png 150w\" sizes=\"auto, (max-width: 300px) 100vw, 300px\" \/><figcaption>QR Code<\/figcaption><\/figure><\/div>\n","protected":false},"excerpt":{"rendered":"<p>Erbenheim steht auf geschichtstr\u00e4chtigem Boden. Arch\u00e4ologische Ausgrabungen haben gezeigt, wie dicht besiedelt das Gebiet rund um den W\u00e4schbach schon in fr\u00fcher Zeit, d.h. auch 5000 Jahre v. Chr., gewesen ist. Nicht ganz so alt, sind die Zeugnisse der Zeit, an<\/p>\n","protected":false},"author":1,"featured_media":0,"parent":0,"menu_order":0,"comment_status":"closed","ping_status":"closed","template":"","meta":{"footnotes":""},"class_list":["post-931","page","type-page","status-publish","hentry"],"_links":{"self":[{"href":"https:\/\/www.heimatmuseum-erbenheim.de\/index.php?rest_route=\/wp\/v2\/pages\/931","targetHints":{"allow":["GET"]}}],"collection":[{"href":"https:\/\/www.heimatmuseum-erbenheim.de\/index.php?rest_route=\/wp\/v2\/pages"}],"about":[{"href":"https:\/\/www.heimatmuseum-erbenheim.de\/index.php?rest_route=\/wp\/v2\/types\/page"}],"author":[{"embeddable":true,"href":"https:\/\/www.heimatmuseum-erbenheim.de\/index.php?rest_route=\/wp\/v2\/users\/1"}],"replies":[{"embeddable":true,"href":"https:\/\/www.heimatmuseum-erbenheim.de\/index.php?rest_route=%2Fwp%2Fv2%2Fcomments&post=931"}],"version-history":[{"count":9,"href":"https:\/\/www.heimatmuseum-erbenheim.de\/index.php?rest_route=\/wp\/v2\/pages\/931\/revisions"}],"predecessor-version":[{"id":1996,"href":"https:\/\/www.heimatmuseum-erbenheim.de\/index.php?rest_route=\/wp\/v2\/pages\/931\/revisions\/1996"}],"wp:attachment":[{"href":"https:\/\/www.heimatmuseum-erbenheim.de\/index.php?rest_route=%2Fwp%2Fv2%2Fmedia&parent=931"}],"curies":[{"name":"wp","href":"https:\/\/api.w.org\/{rel}","templated":true}]}}