{"id":2821,"date":"2024-02-23T10:21:11","date_gmt":"2024-02-23T09:21:11","guid":{"rendered":"https:\/\/www.heimatmuseum-erbenheim.de\/?page_id=2821"},"modified":"2026-04-24T16:51:30","modified_gmt":"2026-04-24T14:51:30","slug":"weinstand-der-ig","status":"publish","type":"page","link":"https:\/\/www.heimatmuseum-erbenheim.de\/?page_id=2821","title":{"rendered":"Weinstand der IG"},"content":{"rendered":"\n<p>Hier finden Sie die Unterlagen f\u00fcr die Durchf\u00fchrung eines erfolgreichen Weinstands (Das Wetter k\u00f6nnen wir leider nicht beeinflussen).<br>Ansprechpartner f\u00fcr alle Fragen rund um den Weinstand ist die &#8222;IG Erbenheimer Ortsvereine&#8220;.<\/p>\n\n\n\n<h4 class=\"wp-block-heading\">Weinstandtermine 2026<\/h4>\n\n\n\n<p>10.04.2026 IG ERBENHEIM<br>17.04.2026 MARIA AUFNAHME<br>24.04.2026 CDU<br>01.05.2026 SPD<br>08.05.2026 SPORTVEREIN ERBENHEIM<br>15.05.2026 RADSPORTVEREIN ERBENHEIM<br>22.05.2026 H\u00d6FEFEST ERBENHEIM (DRK)<br>29.05.2026 HERMANN-EHLERS-SCHULE<br>05.06.2026 KLEINGARTENVEREIN<br>12.06.2026 LANDFRAUEN<br>19.06.2026 ERBENHEIMER BRUMMER<br>26.06.2026 W\u00c4SCHBACHSTELZEN<br>03.07.2026 REIT- UND FAHRVEREIN ERBENHEIM<br>10.07.2026 FEUERWEHRFEST SCHULHOF<br>17.07.2026 PAULUSGEMEINDE<br>24.07.2026 STRASSENFEST W\u00c4SCHBACHSTELZEN<br>31.07.2026 FDP<br>07.08.2026 TURNVEREIN ERBENHEIM<br>14.08.2026 SPD<br>21.08.2026 CDU<br>28.08.2026 SPORTVEREIN ERBENHEIM<br>04.09.2026 RADSPORTVEREIN ERBENHEIM<br>11.09.2026 KLEINGARTENVEREIN<br>18.09.2026 ERBENHEIMER BRUMMER<br>25.09.2026 ERBENHEIMER KERB<br>02.10.2026 PAULUSGEMEINDE<br>09.10.2026 W\u00c4SCHBACHSTELZEN<br>16.10.2026 TURNVEREIN ERBENHEIM<\/p>\n\n\n\n<ul class=\"wp-block-list\">\n<li><a href=\"https:\/\/www.heimatmuseum-erbenheim.de\/wp-content\/uploads\/2023\/09\/NV-Toilettenanlagen-Merkblatt-20230227.pdf\" target=\"_blank\" rel=\"noreferrer noopener\">Nutzungsvereinbarung Toiletten im Rathaus<\/a><\/li>\n\n\n\n<li><a href=\"https:\/\/www.heimatmuseum-erbenheim.de\/wp-content\/uploads\/2024\/01\/2024-01-25-Weinstand-Wo-ist-was.pdf\" target=\"_blank\" rel=\"noreferrer noopener\">Wo finde ich was?<\/a><\/li>\n\n\n\n<li><a href=\"https:\/\/www.heimatmuseum-erbenheim.de\/wp-content\/uploads\/2024\/01\/2024-01-25-Arbeitsliste-Reinigung-am-Weinstand.pdf\" target=\"_blank\" rel=\"noreferrer noopener\">Merkblatt f\u00fcr die \u00dcbergabe<\/a><\/li>\n<\/ul>\n\n\n\n<p><\/p>\n","protected":false},"excerpt":{"rendered":"<p>Hier finden Sie die Unterlagen f\u00fcr die Durchf\u00fchrung eines erfolgreichen Weinstands (Das Wetter k\u00f6nnen wir leider nicht beeinflussen).Ansprechpartner f\u00fcr alle Fragen rund um den Weinstand ist die &#8222;IG Erbenheimer Ortsvereine&#8220;. Weinstandtermine 2026 10.04.2026 IG ERBENHEIM17.04.2026 MARIA AUFNAHME24.04.2026 CDU01.05.2026 SPD08.05.2026 SPORTVEREIN<\/p>\n","protected":false},"author":1,"featured_media":0,"parent":0,"menu_order":0,"comment_status":"closed","ping_status":"closed","template":"","meta":{"footnotes":""},"class_list":["post-2821","page","type-page","status-publish","hentry"],"_links":{"self":[{"href":"https:\/\/www.heimatmuseum-erbenheim.de\/index.php?rest_route=\/wp\/v2\/pages\/2821","targetHints":{"allow":["GET"]}}],"collection":[{"href":"https:\/\/www.heimatmuseum-erbenheim.de\/index.php?rest_route=\/wp\/v2\/pages"}],"about":[{"href":"https:\/\/www.heimatmuseum-erbenheim.de\/index.php?rest_route=\/wp\/v2\/types\/page"}],"author":[{"embeddable":true,"href":"https:\/\/www.heimatmuseum-erbenheim.de\/index.php?rest_route=\/wp\/v2\/users\/1"}],"replies":[{"embeddable":true,"href":"https:\/\/www.heimatmuseum-erbenheim.de\/index.php?rest_route=%2Fwp%2Fv2%2Fcomments&post=2821"}],"version-history":[{"count":17,"href":"https:\/\/www.heimatmuseum-erbenheim.de\/index.php?rest_route=\/wp\/v2\/pages\/2821\/revisions"}],"predecessor-version":[{"id":4643,"href":"https:\/\/www.heimatmuseum-erbenheim.de\/index.php?rest_route=\/wp\/v2\/pages\/2821\/revisions\/4643"}],"wp:attachment":[{"href":"https:\/\/www.heimatmuseum-erbenheim.de\/index.php?rest_route=%2Fwp%2Fv2%2Fmedia&parent=2821"}],"curies":[{"name":"wp","href":"https:\/\/api.w.org\/{rel}","templated":true}]}}